{"id":823,"date":"2020-11-08T12:40:16","date_gmt":"2020-11-08T11:40:16","guid":{"rendered":"https:\/\/festivalderomeaparis.com\/programma\/"},"modified":"2022-12-21T11:34:30","modified_gmt":"2022-12-21T10:34:30","slug":"programma","status":"publish","type":"page","link":"https:\/\/festivalderomeaparis.com\/it\/programma\/","title":{"rendered":"Programma"},"content":{"rendered":"<div id=\"pl-823\"  class=\"panel-layout\" ><div id=\"pg-823-0\"  class=\"panel-grid panel-has-style\" ><div class=\"siteorigin-panels-stretch panel-row-style panel-row-style-for-823-0\" data-stretch-type=\"full\" ><div id=\"pgc-823-0-0\"  class=\"panel-grid-cell\" ><div id=\"panel-823-0-0-0\" class=\"so-panel widget widget_sow-headline panel-first-child\" data-index=\"0\" ><div\n\t\t\t\n\t\t\tclass=\"so-widget-sow-headline so-widget-sow-headline-default-dbaef3cfc3cc-823\"\n\t\t\t\n\t\t><div class=\"sow-headline-container \">\n\t\t\t\t\t\t\t<h2 class=\"sow-headline\">\n\t\t\t\t\t\tProgramma \"Christine Cin\u00e9ma Club\"\t\t\t\t\t\t<\/h2>\n\t\t\t\t\t\t\t\t\t\t\t<div class=\"decoration\">\n\t\t\t\t\t\t<div class=\"decoration-inside\"><\/div>\n\t\t\t\t\t<\/div>\n\t\t\t\t\t<\/div>\n<\/div><\/div>    <div class=\"container\">\r\n    <div class=\"row\">\n      <div class=\"col-md-3 mb-4\">\n      <h4 class=\"giorno-settimanale mb-3\">\n        gioved\u00ec 12      <\/h4>\n      <div class=\"list-film\">\n                  <div class=\"row\">\n            <div class=\"col-2\">\n              20:30            <\/div>\n            <div class=\"col-10\">\n              <p>\n                <strong>\n                  <a href=\"https:\/\/festivalderomeaparis.com\/it\/movie\/siccita\/\">Siccit\u00e0<\/a>\n                <\/strong>\n                (Sala 1)              <\/p>\n            <\/div>\n          <\/div>\n                  <div class=\"row\">\n            <div class=\"col-2\">\n              21:15            <\/div>\n            <div class=\"col-10\">\n              <p>\n                <strong>\n                  <a href=\"https:\/\/festivalderomeaparis.com\/it\/movie\/siccita\/\">Siccit\u00e0<\/a>\n                <\/strong>\n                (Sala 2)              <\/p>\n            <\/div>\n          <\/div>\n              <\/div>\n    <\/div>\n      <div class=\"col-md-3 mb-4\">\n      <h4 class=\"giorno-settimanale mb-3\">\n        venerd\u00ec 13      <\/h4>\n      <div class=\"list-film\">\n                  <div class=\"row\">\n            <div class=\"col-2\">\n              19:30            <\/div>\n            <div class=\"col-10\">\n              <p>\n                <strong>\n                  <a href=\"https:\/\/festivalderomeaparis.com\/it\/movie\/il-posto\/\">Il Posto<\/a>\n                <\/strong>\n                              <\/p>\n            <\/div>\n          <\/div>\n                  <div class=\"row\">\n            <div class=\"col-2\">\n              21:15            <\/div>\n            <div class=\"col-10\">\n              <p>\n                <strong>\n                  <a href=\"https:\/\/festivalderomeaparis.com\/it\/movie\/brado\/\">Brado<\/a>\n                <\/strong>\n                              <\/p>\n            <\/div>\n          <\/div>\n              <\/div>\n    <\/div>\n      <div class=\"col-md-3 mb-4\">\n      <h4 class=\"giorno-settimanale mb-3\">\n        sabato 14      <\/h4>\n      <div class=\"list-film\">\n                  <div class=\"row\">\n            <div class=\"col-2\">\n              15:45            <\/div>\n            <div class=\"col-10\">\n              <p>\n                <strong>\n                  <a href=\"https:\/\/festivalderomeaparis.com\/it\/movie\/settembre\/\">Settembre<\/a>\n                <\/strong>\n                              <\/p>\n            <\/div>\n          <\/div>\n                  <div class=\"row\">\n            <div class=\"col-2\">\n              18:45            <\/div>\n            <div class=\"col-10\">\n              <p>\n                <strong>\n                  <a href=\"https:\/\/festivalderomeaparis.com\/it\/movie\/una-femmina\/\">Una Femmina<\/a>\n                <\/strong>\n                              <\/p>\n            <\/div>\n          <\/div>\n                  <div class=\"row\">\n            <div class=\"col-2\">\n              21:15            <\/div>\n            <div class=\"col-10\">\n              <p>\n                <strong>\n                  <a href=\"https:\/\/festivalderomeaparis.com\/it\/movie\/la-stranezza\/\">La Stranezza<\/a>\n                <\/strong>\n                (Sala 1)              <\/p>\n            <\/div>\n          <\/div>\n                  <div class=\"row\">\n            <div class=\"col-2\">\n              21:30            <\/div>\n            <div class=\"col-10\">\n              <p>\n                <strong>\n                  <a href=\"https:\/\/festivalderomeaparis.com\/it\/movie\/la-stranezza\/\">La Stranezza<\/a>\n                <\/strong>\n                (Sala 2)              <\/p>\n            <\/div>\n          <\/div>\n              <\/div>\n    <\/div>\n      <div class=\"col-md-3 mb-4\">\n      <h4 class=\"giorno-settimanale mb-3\">\n        domenica 15      <\/h4>\n      <div class=\"list-film\">\n                  <div class=\"row\">\n            <div class=\"col-2\">\n              15:15            <\/div>\n            <div class=\"col-10\">\n              <p>\n                <strong>\n                  <a href=\"https:\/\/festivalderomeaparis.com\/it\/movie\/piano-piano\/\">Piano Piano<\/a>\n                <\/strong>\n                              <\/p>\n            <\/div>\n          <\/div>\n                  <div class=\"row\">\n            <div class=\"col-2\">\n              17:15            <\/div>\n            <div class=\"col-10\">\n              <p>\n                <strong>\n                  <a href=\"https:\/\/festivalderomeaparis.com\/it\/movie\/margini\/\">Margini<\/a>\n                <\/strong>\n                              <\/p>\n            <\/div>\n          <\/div>\n                  <div class=\"row\">\n            <div class=\"col-2\">\n              19:15            <\/div>\n            <div class=\"col-10\">\n              <p>\n                <strong>\n                  <a href=\"https:\/\/festivalderomeaparis.com\/it\/movie\/dante\/\">Dante<\/a>\n                <\/strong>\n                              <\/p>\n            <\/div>\n          <\/div>\n                  <div class=\"row\">\n            <div class=\"col-2\">\n              21:15            <\/div>\n            <div class=\"col-10\">\n              <p>\n                <strong>\n                  <a href=\"https:\/\/festivalderomeaparis.com\/it\/movie\/notte-fantasma\/\">Notte Fantasma<\/a>\n                <\/strong>\n                              <\/p>\n            <\/div>\n          <\/div>\n              <\/div>\n    <\/div>\n  <\/div>    <\/div>\r\n    <div id=\"panel-823-0-0-2\" class=\"so-panel widget widget_sow-button panel-last-child\" data-index=\"2\" ><div\n\t\t\t\n\t\t\tclass=\"so-widget-sow-button so-widget-sow-button-wire-f3622f61b02c-823\"\n\t\t\t\n\t\t><div class=\"ow-button-base ow-button-align-center\"\n>\n\t\t\t<a\n\t\t\t\t\thref=\"https:\/\/festivalderomeaparis.com\/wp-content\/uploads\/2022\/12\/brochure-programme-DRAP-2023.pdf\"\n\t\t\t\t\tclass=\"sowb-button ow-icon-placement-left ow-button-hover\" target=\"_blank\" rel=\"noopener noreferrer\" download=\"\" \t>\n\t\t<span>\n\t\t\t<span class=\"sow-icon-fontawesome sow-far\" data-sow-icon=\"&#xf358;\"\n\t\tstyle=\"\" \n\t\taria-hidden=\"true\"><\/span>\n\t\t\tScarica La Brochure\t\t<\/span>\n\t\t\t<\/a>\n\t<\/div>\n<\/div><\/div><\/div><\/div><\/div><div id=\"pg-823-1\"  class=\"panel-grid panel-has-style\" ><div class=\"siteorigin-panels-stretch panel-row-style panel-row-style-for-823-1\" data-stretch-type=\"full\" ><div id=\"pgc-823-1-0\"  class=\"panel-grid-cell\" ><div id=\"panel-823-1-0-0\" class=\"so-panel widget widget_sow-headline panel-first-child\" data-index=\"3\" ><div\n\t\t\t\n\t\t\tclass=\"so-widget-sow-headline so-widget-sow-headline-default-dbaef3cfc3cc-823\"\n\t\t\t\n\t\t><div class=\"sow-headline-container \">\n\t\t\t\t\t\t\t<h2 class=\"sow-headline\">\n\t\t\t\t\t\tProgramma \"\u00c9coles Cin\u00e9ma Club\"\t\t\t\t\t\t<\/h2>\n\t\t\t\t\t\t\t\t\t\t\t<div class=\"decoration\">\n\t\t\t\t\t\t<div class=\"decoration-inside\"><\/div>\n\t\t\t\t\t<\/div>\n\t\t\t\t\t<\/div>\n<\/div><\/div>    <div class=\"container\">\r\n    <div class=\"row\">\n      <div class=\"col-md-4 mb-4\">\n      <h4 class=\"giorno-settimanale mb-3\">\n        venerd\u00ec 13      <\/h4>\n      <div class=\"list-film\">\n                  <div class=\"row\">\n            <div class=\"col-2\">\n              16:00            <\/div>\n            <div class=\"col-10\">\n              <p>\n                <strong>\n                  <a href=\"https:\/\/festivalderomeaparis.com\/it\/movie\/poveri-ma-belli\/\">Poveri ma belli<\/a>\n                <\/strong>\n                              <\/p>\n            <\/div>\n          <\/div>\n                  <div class=\"row\">\n            <div class=\"col-2\">\n              18:00            <\/div>\n            <div class=\"col-10\">\n              <p>\n                <strong>\n                  <a href=\"https:\/\/festivalderomeaparis.com\/it\/movie\/power-of-rome\/\">Power of Rome<\/a>\n                <\/strong>\n                              <\/p>\n            <\/div>\n          <\/div>\n                  <div class=\"row\">\n            <div class=\"col-2\">\n              20:00            <\/div>\n            <div class=\"col-10\">\n              <p>\n                <strong>\n                  <a href=\"https:\/\/festivalderomeaparis.com\/it\/movie\/la-commare-secca\/\">La commare secca<\/a>\n                <\/strong>\n                              <\/p>\n            <\/div>\n          <\/div>\n              <\/div>\n    <\/div>\n      <div class=\"col-md-4 mb-4\">\n      <h4 class=\"giorno-settimanale mb-3\">\n        sabato 14      <\/h4>\n      <div class=\"list-film\">\n                  <div class=\"row\">\n            <div class=\"col-2\">\n              16:00            <\/div>\n            <div class=\"col-10\">\n              <p>\n                <strong>\n                  <a href=\"https:\/\/festivalderomeaparis.com\/it\/movie\/sacro-gra\/\">Sacro Gra<\/a>\n                <\/strong>\n                              <\/p>\n            <\/div>\n          <\/div>\n                  <div class=\"row\">\n            <div class=\"col-2\">\n              18:00            <\/div>\n            <div class=\"col-10\">\n              <p>\n                <strong>\n                  <a href=\"https:\/\/festivalderomeaparis.com\/it\/movie\/lasciarsi-in-un-giorno\/\">Lasciarsi un giorno a Roma<\/a>\n                <\/strong>\n                              <\/p>\n            <\/div>\n          <\/div>\n              <\/div>\n    <\/div>\n      <div class=\"col-md-4 mb-4\">\n      <h4 class=\"giorno-settimanale mb-3\">\n        domenica 15      <\/h4>\n      <div class=\"list-film\">\n                  <div class=\"row\">\n            <div class=\"col-2\">\n              16:00            <\/div>\n            <div class=\"col-10\">\n              <p>\n                <strong>\n                  <a href=\"https:\/\/festivalderomeaparis.com\/it\/movie\/lamore-in-citta\/\">L&#8217;amore in citt\u00e0<\/a>\n                <\/strong>\n                              <\/p>\n            <\/div>\n          <\/div>\n                  <div class=\"row\">\n            <div class=\"col-2\">\n              18:30            <\/div>\n            <div class=\"col-10\">\n              <p>\n                <strong>\n                  <a href=\"https:\/\/festivalderomeaparis.com\/it\/movie\/io-la-conoscevo-bene\/\">Io la conoscevo bene<\/a>\n                <\/strong>\n                              <\/p>\n            <\/div>\n          <\/div>\n              <\/div>\n    <\/div>\n  <\/div>    <\/div>\r\n    <\/div><\/div><\/div><\/div>","protected":false},"excerpt":{"rendered":"<p>Programma &#8220;Christine Cin\u00e9ma Club&#8221; gioved\u00ec 12 20:30 Siccit\u00e0 (Sala 1) 21:15 Siccit\u00e0 (Sala 2) venerd\u00ec 13 19:30 Il Posto 21:15 Brado sabato 14 15:45 Settembre 18:45 Una Femmina 21:15 La Stranezza (Sala 1) 21:30 La Stranezza (Sala 2) domenica 15 15:15 Piano Piano 17:15 Margini 19:15 Dante 21:15 Notte Fantasma Scarica La Brochure Programma &#8220;\u00c9coles [&#8230;]<\/p>\n<p><a class=\"btn btn-secondary understrap-read-more-link\" href=\"https:\/\/festivalderomeaparis.com\/it\/programma\/\">Leggi di pi\u00f9&#8230;<span class=\"screen-reader-text\"> from Programma<\/span><\/a><\/p>\n","protected":false},"author":1,"featured_media":0,"parent":0,"menu_order":0,"comment_status":"open","ping_status":"open","template":"","meta":{"_acf_changed":false,"inline_featured_image":false,"footnotes":""},"class_list":["post-823","page","type-page","status-publish","hentry"],"acf":[],"_links":{"self":[{"href":"https:\/\/festivalderomeaparis.com\/it\/wp-json\/wp\/v2\/pages\/823","targetHints":{"allow":["GET"]}}],"collection":[{"href":"https:\/\/festivalderomeaparis.com\/it\/wp-json\/wp\/v2\/pages"}],"about":[{"href":"https:\/\/festivalderomeaparis.com\/it\/wp-json\/wp\/v2\/types\/page"}],"author":[{"embeddable":true,"href":"https:\/\/festivalderomeaparis.com\/it\/wp-json\/wp\/v2\/users\/1"}],"replies":[{"embeddable":true,"href":"https:\/\/festivalderomeaparis.com\/it\/wp-json\/wp\/v2\/comments?post=823"}],"version-history":[{"count":29,"href":"https:\/\/festivalderomeaparis.com\/it\/wp-json\/wp\/v2\/pages\/823\/revisions"}],"predecessor-version":[{"id":2228,"href":"https:\/\/festivalderomeaparis.com\/it\/wp-json\/wp\/v2\/pages\/823\/revisions\/2228"}],"wp:attachment":[{"href":"https:\/\/festivalderomeaparis.com\/it\/wp-json\/wp\/v2\/media?parent=823"}],"curies":[{"name":"wp","href":"https:\/\/api.w.org\/{rel}","templated":true}]}}