{"id":822,"date":"2020-11-08T12:40:16","date_gmt":"2020-11-08T11:40:16","guid":{"rendered":"https:\/\/festivalderomeaparis.com\/presentazione\/"},"modified":"2022-11-27T19:02:31","modified_gmt":"2022-11-27T18:02:31","slug":"presentazione","status":"publish","type":"page","link":"https:\/\/festivalderomeaparis.com\/it\/presentazione\/","title":{"rendered":"Presentazione"},"content":{"rendered":"\r\n<p><strong>DE ROME \u00c0 PARIS &#8211;\u00a0 RENCONTRES DU CIN\u00c9MA ITALIEN<\/strong><\/p>\r\n\r\n\r\n\r\n<p><strong>15e EDIZIONE \/ 12 &#8211; 15 GENNAIO 2023\u00a0 \/ CHRISTINE CIN\u00c9MA CLUB \/ \u00c9COLES CIN\u00c9MA CLUB<\/strong><\/p>\r\n\r\n\r\n\r\n<p>Appuntamento imperdibile del cinema italiano in Francia, il festival DE ROME \u00c0 PARIS torna dal 12 al 15 gennaio 2023. Per la sua quindicesima edizione il festival cresce e si sposta in due meravigliosi cinema del Quartiere Latino: <strong>Christine Cin\u00e9ma Club<\/strong> e <strong>\u00c9coles Cin\u00e9ma Club<\/strong>, cinema di riferimento soprattutto per i film classici italiani.<\/p>\r\n<p>Gli spettatori verranno a scoprire al <strong>Christine Cin\u00e9ma Club<\/strong>, una selezione di una decina di lungometraggi italiani recenti (fiction, documentario, animazione) ancora inediti in Francia, presentati dai registi e dagli attori che verranno a incontrare il pubblico.<\/p>\r\n<p>Una selezione speciale sar\u00e0 proposta all\u2019<strong>\u00c9coles Cin\u00e9ma Club<\/strong> in omaggio a Roma, la \u00abCitt\u00e0 Eterna\u00bb.\u00a0 Il pubblico potr\u00e0 (ri)vedere grandi classici e film contemporanei, tra i quali veri capolavori del cinema italiano.<\/p>\r\n<p>DE ROME \u00c0 PARIS \u00e8 organizzato con il sostegno di <strong>DGCA MiC <\/strong>e con il supporto organizzativo di <strong>Cinecitt\u00e0<\/strong>, in collaborazione con <strong>Ambasciata d&#8217;Italia<\/strong> e <strong>ICE<\/strong>.\u00a0<\/p>\r\n\r\n\r\n\r\n<p><strong>COMITATO DI SELEZIONE<\/strong><\/p>\r\n\r\n\r\n\r\n<p>I film sono stati selezionati da un comitato di professionisti del cinema francese:<\/p>\r\n\r\n\r\n\r\n<p><strong>VIVIANA ANDRIANI<\/strong>, vive a Parigi dal 1995, dove ha creato la societ\u00e0 RENDEZ-VOUS, che offre servizi di ufficio stampa per i film francesi e per il lancio di film ai principali festival (Cannes, Berlino, Venezia). Per la stampa internazionale, ha accompagnato molti film di registi francesi tra i quali Robin Campillo, Laurent Cantet, Philippe Garrel, C\u00e9line Sciamma, Raoul Peck, Xavier Giannoli, Pascale Ferran, Bertrand Bonello, Mathieu Amalric, Valeria Bruni Tedeschi, e anche grandi registi stranieri come Laszlo Nemes, Jafar Panahi, Kl\u00e9ber Mendon\u00e7a Frederick Wiseman, Naomi Kawase, Wang Bing, Roy Andersson. Inoltre, ha contribuito a far conoscere registi italiani emergenti come Gianfranco Rosi, Michelangelo Frammartino, Fabio Grassadonia &amp;amp; Antonio Piazza, Roberto Minervini, Pietro Marcello, Vincenzo Marra, Emma Dante, Edoardo Winspeare. Ha avuto anche occasione di lavorare con grandi nomi quali Marco Bellocchio, Bernardo Bertolucci, Marco Tullio Giordana. Dal 2005 al 2015 Viviana Andriani \u00e8 stata consulente per la selezione dei primi film francesi alla Settimana della Critica della Mostra di Venezia.<\/p>\r\n\r\n\r\n\r\n<p><strong>THIERRY DE COURCELLES<\/strong> ha cominciato la sua carriera nel cinema come responsabile dello sviluppo e degli acquisti della societ\u00e0 Ocean Films. Ha contribuito al successo di numerosi film come, In the Mood for Love,\u00a0 2046 (Wong Kar Way); Millennium Mambo (Hou Hsiao Hsien), The Eternity and one day (Theo Angelopoulos) che ha vinto la \u00ab Palme D\u2019Or \u00bb, Good bye Lenin (Wolfgang Becker), La Meglio Giovent\u00f9 (Marco Tullio Giodana), Buongiorno Notte (Marco Bellocchio), The Return (Andrey Zvyagintsev), The Life of Others (Florian Henckel von Donnersmarck), e No man\u2019s land (Danis Tanovic). Ha poi raggiunto TF1 dove ha saputo scoprire film di alta qualit\u00e0 allo stadio dello sviluppo con il pre-acquisto di progetti come Dallas Buyers Club di Jean-Marc Vall\u00e9e e Carol di Tod Haynes. Da due anni \u00e8 direttore degli acquisti per UGC e lavora su progetti promettenti come il prossimo di Terrence Mallick.<\/p>\r\n\r\n\r\n\r\n<p><strong>ILARIA GOMARASCA<\/strong>, dopo un master in letteratura all\u2019Universit\u00e0 Cattolica di Milano ha effettuato sei mesi di ricerca sui nuovi media al Dipartimento Arti Grafiche del Louvre. Nel 2009 ha cominciato la carriera nel cinema a Parigi nella societ\u00e0 di vendite internazionali Wide, in qualit\u00e0 di responsabile festival. Nel 2013 raggiunge Pyramide International come responsabile festival e mercati. Si occupa della relazione con gli artisti e della promozione del catalogo con i direttori dei festival, le cineteche e le istituzioni all\u2019estero. Nel 2019 entra a far parte del team del First Cut Lab come responsabile di First Cut +, un nuovo programma che promuove un portfolio di 16 film di finzione in post-produzione.<\/p>\r\n\r\n\r\n\r\n<p><strong>PAMELA PIANEZZA<\/strong> \u00e8 giornalista, scrittrice, fotografa e programmatrice di festival. Come giornalista ha lavorato per Variety, Dazed and confused, Cine +, Canal +, Arte. \u00c8 editrice della rivista culturale quotidiana Tess. Inoltre \u00e8 presentatrice dei Golden Globes per Canal+. Per un lungo periodo ha lavorato come programmatrice alla \u201cSemaine de la Critique\u201d . del Festival di Cannes ed \u00e8 responsabile del dipartimento di corto-metraggi del Festival di Friburgo. Insegna critica cinematografica e arti visive.<\/p>\r\n\r\n\r\n\r\n<p><strong>NADIA TURINCEV<\/strong> \u00e8 nata nel 1970 a Mosca (URSS) ed \u00e8 cresciuta a Parigi. A 12 anni, si innamora di Andrei Konshalovsky e comincia a guardare molti film. A 16 anni inizia con un praticantato nel film Gli Occhi Neri di Nikita Mikhalkov, preparando panini per Marcello Mastroianni. Poi lavora come traduttrice su altri set cinematografici. In seguito lavora per ACE \u2013 Ateliers du Cin\u00e9ma Europ\u00e9en, Europa Cinemas, The European Producers Club e il programma Media. Inoltre ha fatto parte del comitato selettivo della \u201cQuinzaine des r\u00e9alisateurs\u201d del Festival di Cannes ed \u00e8 stata direttrice artistica del Festival di Mosca. Nel 2007, crea con Julie Gayet la societ\u00e0 di produzione \u201cRouge International\u201d. \u201cL\u2019universo comincia spingendo le pareti della propria cucina\u201d questa il loro motto . Lavorano molto ma si divertono altrettanto.<\/p>\r\n","protected":false},"excerpt":{"rendered":"<p>DE ROME \u00c0 PARIS &#8211;\u00a0 RENCONTRES DU CIN\u00c9MA ITALIEN 15e EDIZIONE \/ 12 &#8211; 15 GENNAIO 2023\u00a0 \/ CHRISTINE CIN\u00c9MA CLUB \/ \u00c9COLES CIN\u00c9MA CLUB Appuntamento imperdibile del cinema italiano in Francia, il festival DE ROME \u00c0 PARIS torna dal 12 al 15 gennaio 2023. Per la sua quindicesima edizione il festival cresce e si [&#8230;]<\/p>\n<p><a class=\"btn btn-secondary understrap-read-more-link\" href=\"https:\/\/festivalderomeaparis.com\/it\/presentazione\/\">Leggi di pi\u00f9&#8230;<span class=\"screen-reader-text\"> from Presentazione<\/span><\/a><\/p>\n","protected":false},"author":1,"featured_media":0,"parent":0,"menu_order":0,"comment_status":"open","ping_status":"open","template":"","meta":{"_acf_changed":false,"inline_featured_image":false,"footnotes":""},"class_list":["post-822","page","type-page","status-publish","hentry"],"acf":[],"_links":{"self":[{"href":"https:\/\/festivalderomeaparis.com\/it\/wp-json\/wp\/v2\/pages\/822","targetHints":{"allow":["GET"]}}],"collection":[{"href":"https:\/\/festivalderomeaparis.com\/it\/wp-json\/wp\/v2\/pages"}],"about":[{"href":"https:\/\/festivalderomeaparis.com\/it\/wp-json\/wp\/v2\/types\/page"}],"author":[{"embeddable":true,"href":"https:\/\/festivalderomeaparis.com\/it\/wp-json\/wp\/v2\/users\/1"}],"replies":[{"embeddable":true,"href":"https:\/\/festivalderomeaparis.com\/it\/wp-json\/wp\/v2\/comments?post=822"}],"version-history":[{"count":7,"href":"https:\/\/festivalderomeaparis.com\/it\/wp-json\/wp\/v2\/pages\/822\/revisions"}],"predecessor-version":[{"id":1760,"href":"https:\/\/festivalderomeaparis.com\/it\/wp-json\/wp\/v2\/pages\/822\/revisions\/1760"}],"wp:attachment":[{"href":"https:\/\/festivalderomeaparis.com\/it\/wp-json\/wp\/v2\/media?parent=822"}],"curies":[{"name":"wp","href":"https:\/\/api.w.org\/{rel}","templated":true}]}}