{"id":821,"date":"2020-11-08T12:40:16","date_gmt":"2020-11-08T11:40:16","guid":{"rendered":"https:\/\/festivalderomeaparis.com\/info-pratiche\/"},"modified":"2022-12-28T13:03:11","modified_gmt":"2022-12-28T12:03:11","slug":"info-pratiche","status":"publish","type":"page","link":"https:\/\/festivalderomeaparis.com\/it\/info-pratiche\/","title":{"rendered":"INFO PRATICHE"},"content":{"rendered":"\r\n<p><strong>DE ROME \u00c0 PARIS &#8211;\u00a0 RENCONTRES DU CIN\u00c9MA ITALIEN<\/strong><\/p>\r\n\r\n\r\n\r\n<p style=\"margin-top: 0cm; line-height: 22.5pt; background: white;\"><strong><span style=\"font-family: 'Segoe UI',sans-serif; color: #212529;\">15e \u00c9DITION \/ 12 &#8211; 15 GENNAIO 2023 \/ CHRISTINE CIN\u00c9MA CLUB \/ \u00c9COLES CIN\u00c9MA CLUB<\/span><\/strong><\/p>\r\n\r\n\r\n\r\n<p>DE ROME \u00c0 PARIS \u00e8 organizzato con il sostegno di <strong>DGCA MiC<\/strong> e con il supporto organizzativo di <strong>CINECITT\u00c0<\/strong>, in collaborazione con <strong>Ambasciata d&#8217;Italia<\/strong> e <strong>ICE<\/strong>.\u00a0\u00a0<\/p>\r\n\r\n\r\n\r\n<p>&nbsp;<\/p>\r\n<p><strong><u>Les salles du festival<\/u>\u00a0:<\/strong><\/p>\r\n<p><strong>Christine Cin\u00e9ma Club<\/strong>, 4 rue Christine Paris 6 (Od\u00e9on, Saint Michel)<\/p>\r\n<p><strong>\u00c9coles Cin\u00e9ma Club<\/strong>, 23 rue des \u00c9coles, Paris 5 (Maubert-Mutualit\u00e9, Cardinal -Lemoine)<\/p>\r\n<p>&nbsp;<\/p>\r\n<p>Biglietteria online : <a href=\"https:\/\/pariscinemaclub.com\/news\/festival-de-rome-a-paris\/\">https:\/\/pariscinemaclub.com\/news\/festival-de-rome-a-paris\/<\/a><\/p>\r\n<p>&nbsp;<\/p>\r\n\r\n\r\n\r\n<p><strong>Ingresso 6 \u20ac (Carte Paris Cin\u00e9ma Club, Cin\u00e9 Pass et Carte UGC accettate)<\/strong><\/p>\r\n\r\n\r\n\r\n\r\n\r\n<div class=\"wp-block-group\">\r\n<div class=\"wp-block-group__inner-container\">\r\n<p>&nbsp;<\/p>\r\n<\/div>\r\n<\/div>\r\n","protected":false},"excerpt":{"rendered":"<p>DE ROME \u00c0 PARIS &#8211;\u00a0 RENCONTRES DU CIN\u00c9MA ITALIEN 15e \u00c9DITION \/ 12 &#8211; 15 GENNAIO 2023 \/ CHRISTINE CIN\u00c9MA CLUB \/ \u00c9COLES CIN\u00c9MA CLUB DE ROME \u00c0 PARIS \u00e8 organizzato con il sostegno di DGCA MiC e con il supporto organizzativo di CINECITT\u00c0, in collaborazione con Ambasciata d&#8217;Italia e ICE.\u00a0\u00a0 &nbsp; Les salles du [&#8230;]<\/p>\n<p><a class=\"btn btn-secondary understrap-read-more-link\" href=\"https:\/\/festivalderomeaparis.com\/it\/info-pratiche\/\">Leggi di pi\u00f9&#8230;<span class=\"screen-reader-text\"> from INFO PRATICHE<\/span><\/a><\/p>\n","protected":false},"author":1,"featured_media":0,"parent":0,"menu_order":0,"comment_status":"open","ping_status":"open","template":"","meta":{"_acf_changed":false,"inline_featured_image":false,"footnotes":""},"class_list":["post-821","page","type-page","status-publish","hentry"],"acf":[],"_links":{"self":[{"href":"https:\/\/festivalderomeaparis.com\/it\/wp-json\/wp\/v2\/pages\/821","targetHints":{"allow":["GET"]}}],"collection":[{"href":"https:\/\/festivalderomeaparis.com\/it\/wp-json\/wp\/v2\/pages"}],"about":[{"href":"https:\/\/festivalderomeaparis.com\/it\/wp-json\/wp\/v2\/types\/page"}],"author":[{"embeddable":true,"href":"https:\/\/festivalderomeaparis.com\/it\/wp-json\/wp\/v2\/users\/1"}],"replies":[{"embeddable":true,"href":"https:\/\/festivalderomeaparis.com\/it\/wp-json\/wp\/v2\/comments?post=821"}],"version-history":[{"count":13,"href":"https:\/\/festivalderomeaparis.com\/it\/wp-json\/wp\/v2\/pages\/821\/revisions"}],"predecessor-version":[{"id":2244,"href":"https:\/\/festivalderomeaparis.com\/it\/wp-json\/wp\/v2\/pages\/821\/revisions\/2244"}],"wp:attachment":[{"href":"https:\/\/festivalderomeaparis.com\/it\/wp-json\/wp\/v2\/media?parent=821"}],"curies":[{"name":"wp","href":"https:\/\/api.w.org\/{rel}","templated":true}]}}